{"id":10,"date":"2019-06-26T13:07:50","date_gmt":"2019-06-26T13:07:50","guid":{"rendered":"http:\/\/vonschulthess-collection.com\/?page_id=10"},"modified":"2025-06-23T19:09:25","modified_gmt":"2025-06-23T19:09:25","slug":"impressum","status":"publish","type":"page","link":"https:\/\/vonschulthess-collection.com\/de\/impressum\/","title":{"rendered":"Impressum"},"content":{"rendered":"<p><strong>Inhalt<\/strong><\/p>\n<p>Milena von Schulthess, Z\u00fcrich, Texte<br \/>\nChristine Traber, Stuttgart, Lektorat<br \/>\nLisa Rosenblatt, Wien, \u00dcbersetzung<\/p>\n<p><strong>Design<\/strong><\/p>\n<p>art.I.schock GmbH<br \/>\nSch\u00f6ntalstrasse 20<br \/>\n8004 Z\u00fcrich<\/p>\n<p>Lagerplatz 21<br \/>\n8400 Winterthur<\/p>\n<p>T: +41 43 268 05 70<br \/>\nE:\u00a0<a title=\"darum@artischock.net\" href=\"mailto:darum@artischock.net\">darum@artischock.net<\/a><\/p>\n<p><strong>Programmierung<\/strong><\/p>\n<p>codess.media gmbh<br \/>\nRosenstrasse 11<br \/>\n8400 Winterthur<\/p>\n<p>T: +41 52 202 17 01<br \/>\nE: <a href=\"mailto:info@codess.media\">info@codess.media<\/a><\/p>\n","protected":false},"excerpt":{"rendered":"<p>Inhalt Milena von Schulthess, Z\u00fcrich, Texte Christine Traber, Stuttgart, Lektorat Lisa Rosenblatt, Wien, \u00dcbersetzung Design art.I.schock GmbH Sch\u00f6ntalstrasse 20 8004 Z\u00fcrich Lagerplatz 21 8400 Winterthur T: +41 43 268 05 70 E:\u00a0darum@artischock.net Programmierung codess.media gmbh Rosenstrasse 11 8400 Winterthur T: +41 52 202 17 01 E: info@codess.media<\/p>\n","protected":false},"author":1,"featured_media":0,"parent":0,"menu_order":0,"comment_status":"closed","ping_status":"closed","template":"","meta":{"_acf_changed":false,"footnotes":""},"class_list":["post-10","page","type-page","status-publish","hentry"],"acf":[],"yoast_head":"<!-- This site is optimized with the Yoast SEO plugin v27.3 - https:\/\/yoast.com\/product\/yoast-seo-wordpress\/ -->\n<title>Impressum - von Schulthess Collection<\/title>\n<meta name=\"robots\" content=\"index, follow, max-snippet:-1, max-image-preview:large, max-video-preview:-1\" \/>\n<link rel=\"canonical\" href=\"https:\/\/vonschulthess-collection.com\/de\/impressum\/\" \/>\n<meta property=\"og:locale\" content=\"de_DE\" \/>\n<meta property=\"og:type\" content=\"article\" \/>\n<meta property=\"og:title\" content=\"Impressum - von Schulthess Collection\" \/>\n<meta property=\"og:description\" content=\"Inhalt Milena von Schulthess, Z\u00fcrich, Texte Christine Traber, Stuttgart, Lektorat Lisa Rosenblatt, Wien, \u00dcbersetzung Design art.I.schock GmbH Sch\u00f6ntalstrasse 20 8004 Z\u00fcrich Lagerplatz 21 8400 Winterthur T: +41 43 268 05 70 E:\u00a0darum@artischock.net Programmierung codess.media gmbh Rosenstrasse 11 8400 Winterthur T: +41 52 202 17 01 E: info@codess.media\" \/>\n<meta property=\"og:url\" content=\"https:\/\/vonschulthess-collection.com\/de\/impressum\/\" \/>\n<meta property=\"og:site_name\" content=\"von Schulthess Collection\" \/>\n<meta property=\"article:modified_time\" content=\"2025-06-23T19:09:25+00:00\" \/>\n<meta name=\"twitter:card\" content=\"summary_large_image\" \/>\n<meta name=\"twitter:label1\" content=\"Gesch\u00e4tzte Lesezeit\" \/>\n\t<meta name=\"twitter:data1\" content=\"1\u00a0Minute\" \/>\n<script type=\"application\/ld+json\" class=\"yoast-schema-graph\">{\"@context\":\"https:\\\/\\\/schema.org\",\"@graph\":[{\"@type\":\"WebPage\",\"@id\":\"https:\\\/\\\/vonschulthess-collection.com\\\/de\\\/impressum\\\/\",\"url\":\"https:\\\/\\\/vonschulthess-collection.com\\\/de\\\/impressum\\\/\",\"name\":\"Impressum - von Schulthess Collection\",\"isPartOf\":{\"@id\":\"https:\\\/\\\/vonschulthess-collection.com\\\/#website\"},\"datePublished\":\"2019-06-26T13:07:50+00:00\",\"dateModified\":\"2025-06-23T19:09:25+00:00\",\"breadcrumb\":{\"@id\":\"https:\\\/\\\/vonschulthess-collection.com\\\/de\\\/impressum\\\/#breadcrumb\"},\"inLanguage\":\"de\",\"potentialAction\":[{\"@type\":\"ReadAction\",\"target\":[\"https:\\\/\\\/vonschulthess-collection.com\\\/de\\\/impressum\\\/\"]}]},{\"@type\":\"BreadcrumbList\",\"@id\":\"https:\\\/\\\/vonschulthess-collection.com\\\/de\\\/impressum\\\/#breadcrumb\",\"itemListElement\":[{\"@type\":\"ListItem\",\"position\":1,\"name\":\"Home\",\"item\":\"https:\\\/\\\/vonschulthess-collection.com\\\/de\\\/\"},{\"@type\":\"ListItem\",\"position\":2,\"name\":\"Impressum\"}]},{\"@type\":\"WebSite\",\"@id\":\"https:\\\/\\\/vonschulthess-collection.com\\\/#website\",\"url\":\"https:\\\/\\\/vonschulthess-collection.com\\\/\",\"name\":\"von Schulthess Collection\",\"description\":\"\",\"potentialAction\":[{\"@type\":\"SearchAction\",\"target\":{\"@type\":\"EntryPoint\",\"urlTemplate\":\"https:\\\/\\\/vonschulthess-collection.com\\\/?s={search_term_string}\"},\"query-input\":{\"@type\":\"PropertyValueSpecification\",\"valueRequired\":true,\"valueName\":\"search_term_string\"}}],\"inLanguage\":\"de\"}]}<\/script>\n<!-- \/ Yoast SEO plugin. -->","yoast_head_json":{"title":"Impressum - von Schulthess Collection","robots":{"index":"index","follow":"follow","max-snippet":"max-snippet:-1","max-image-preview":"max-image-preview:large","max-video-preview":"max-video-preview:-1"},"canonical":"https:\/\/vonschulthess-collection.com\/de\/impressum\/","og_locale":"de_DE","og_type":"article","og_title":"Impressum - von Schulthess Collection","og_description":"Inhalt Milena von Schulthess, Z\u00fcrich, Texte Christine Traber, Stuttgart, Lektorat Lisa Rosenblatt, Wien, \u00dcbersetzung Design art.I.schock GmbH Sch\u00f6ntalstrasse 20 8004 Z\u00fcrich Lagerplatz 21 8400 Winterthur T: +41 43 268 05 70 E:\u00a0darum@artischock.net Programmierung codess.media gmbh Rosenstrasse 11 8400 Winterthur T: +41 52 202 17 01 E: info@codess.media","og_url":"https:\/\/vonschulthess-collection.com\/de\/impressum\/","og_site_name":"von Schulthess Collection","article_modified_time":"2025-06-23T19:09:25+00:00","twitter_card":"summary_large_image","twitter_misc":{"Gesch\u00e4tzte Lesezeit":"1\u00a0Minute"},"schema":{"@context":"https:\/\/schema.org","@graph":[{"@type":"WebPage","@id":"https:\/\/vonschulthess-collection.com\/de\/impressum\/","url":"https:\/\/vonschulthess-collection.com\/de\/impressum\/","name":"Impressum - von Schulthess Collection","isPartOf":{"@id":"https:\/\/vonschulthess-collection.com\/#website"},"datePublished":"2019-06-26T13:07:50+00:00","dateModified":"2025-06-23T19:09:25+00:00","breadcrumb":{"@id":"https:\/\/vonschulthess-collection.com\/de\/impressum\/#breadcrumb"},"inLanguage":"de","potentialAction":[{"@type":"ReadAction","target":["https:\/\/vonschulthess-collection.com\/de\/impressum\/"]}]},{"@type":"BreadcrumbList","@id":"https:\/\/vonschulthess-collection.com\/de\/impressum\/#breadcrumb","itemListElement":[{"@type":"ListItem","position":1,"name":"Home","item":"https:\/\/vonschulthess-collection.com\/de\/"},{"@type":"ListItem","position":2,"name":"Impressum"}]},{"@type":"WebSite","@id":"https:\/\/vonschulthess-collection.com\/#website","url":"https:\/\/vonschulthess-collection.com\/","name":"von Schulthess Collection","description":"","potentialAction":[{"@type":"SearchAction","target":{"@type":"EntryPoint","urlTemplate":"https:\/\/vonschulthess-collection.com\/?s={search_term_string}"},"query-input":{"@type":"PropertyValueSpecification","valueRequired":true,"valueName":"search_term_string"}}],"inLanguage":"de"}]}},"_links":{"self":[{"href":"https:\/\/vonschulthess-collection.com\/de\/wp-json\/wp\/v2\/pages\/10","targetHints":{"allow":["GET"]}}],"collection":[{"href":"https:\/\/vonschulthess-collection.com\/de\/wp-json\/wp\/v2\/pages"}],"about":[{"href":"https:\/\/vonschulthess-collection.com\/de\/wp-json\/wp\/v2\/types\/page"}],"author":[{"embeddable":true,"href":"https:\/\/vonschulthess-collection.com\/de\/wp-json\/wp\/v2\/users\/1"}],"replies":[{"embeddable":true,"href":"https:\/\/vonschulthess-collection.com\/de\/wp-json\/wp\/v2\/comments?post=10"}],"version-history":[{"count":7,"href":"https:\/\/vonschulthess-collection.com\/de\/wp-json\/wp\/v2\/pages\/10\/revisions"}],"predecessor-version":[{"id":1045,"href":"https:\/\/vonschulthess-collection.com\/de\/wp-json\/wp\/v2\/pages\/10\/revisions\/1045"}],"wp:attachment":[{"href":"https:\/\/vonschulthess-collection.com\/de\/wp-json\/wp\/v2\/media?parent=10"}],"curies":[{"name":"wp","href":"https:\/\/api.w.org\/{rel}","templated":true}]}}