{"id":2,"date":"2019-06-24T10:23:41","date_gmt":"2019-06-24T10:23:41","guid":{"rendered":"http:\/\/vonschulthess-collection.com\/?page_id=2"},"modified":"2020-02-23T13:40:28","modified_gmt":"2020-02-23T13:40:28","slug":"ueber-uns","status":"publish","type":"page","link":"https:\/\/vonschulthess-collection.com\/de\/ueber-uns\/","title":{"rendered":"\u00dcber uns"},"content":{"rendered":"\r\n<p>Die Sammlung Olivier von Schulthess ist dem Werk junger zeitgen\u00f6ssischer K\u00fcnstlerinnen und K\u00fcnstler gewidmet. Klassische \u00d6lbilder ebenso wie Installationen aus recycelten Fundst\u00fccken \u2013 Olivier von Schulthess ist fasziniert von der Vielfalt der Materialien und Medien, mit und in denen die Kunstschaffenden arbeiten. Die Freiheit, mit der Kunst sich \u00e4ussert und ent\u00e4ussert, haben den Sammler, der in Basel unweit der Messe aufgewachsen ist, von jeher inspiriert. Und bis heute nimmt genau diese Unabh\u00e4ngigkeit und Ungebundenheit der Kunst eine Schl\u00fcsselrolle in seiner Sammlung ein. Werke, die an der Schnittstelle von Kunst und Alltag operieren, pr\u00e4gen die Collection, die in erster Linie Arbeiten auf Papier gewidmet ist. Textliche Bildinhalte oder typographische Gestaltungselemente geh\u00f6ren hierbei zur besonderen Vorliebe Olivier von Schulthess\u2018. Rund vierzig internationale K\u00fcnstlerinnen und K\u00fcnstler sind mit ihren Werken in seiner Sammlung vertreten. Die pers\u00f6nliche Beziehung zu sowie die Pflege eines fruchtbaren und inspirierenden Austauschs mit ihnen liegen dem Sammler besonders am Herzen.<\/p>\r\n<p>Nicht zuletzt aus diesem Grund hat Olivier von Schulthess neben dem Aufbau seiner Sammlung die K\u00fcnstlerresidenz <em>Les Alisiers<\/em> ins Leben gerufen \u2013 ein Arbeitsrefugium f\u00fcr die in seiner Sammlung vertretenen Kunstschaffenden. Dar\u00fcber hinaus geh\u00f6ren Ausstellungen, andere kunstbezogene Projekte sowie die Publikation von K\u00fcnstlerb\u00fcchern zu einem wichtigen Bestandteil seiner T\u00e4tigkeit als Sammler und Kunstf\u00f6rderer.<\/p>\r\n\r\n\r\n\r\n<p>&nbsp;<\/p>\r\n","protected":false},"excerpt":{"rendered":"<p>Die Sammlung Olivier von Schulthess ist dem Werk junger zeitgen\u00f6ssischer K\u00fcnstlerinnen und K\u00fcnstler gewidmet. Klassische \u00d6lbilder ebenso wie Installationen aus recycelten Fundst\u00fccken \u2013 Olivier von Schulthess ist fasziniert von der Vielfalt der Materialien und Medien, mit und in denen die Kunstschaffenden arbeiten. Die Freiheit, mit der Kunst sich \u00e4ussert und ent\u00e4ussert, haben den Sammler, der [&hellip;]<\/p>\n","protected":false},"author":1,"featured_media":0,"parent":0,"menu_order":0,"comment_status":"closed","ping_status":"open","template":"","meta":{"_acf_changed":false,"footnotes":""},"class_list":["post-2","page","type-page","status-publish","hentry"],"acf":[],"yoast_head":"<!-- This site is optimized with the Yoast SEO plugin v27.3 - https:\/\/yoast.com\/product\/yoast-seo-wordpress\/ -->\n<title>\u00dcber uns - von Schulthess Collection<\/title>\n<meta name=\"robots\" content=\"index, follow, max-snippet:-1, max-image-preview:large, max-video-preview:-1\" \/>\n<link rel=\"canonical\" href=\"https:\/\/vonschulthess-collection.com\/de\/ueber-uns\/\" \/>\n<meta property=\"og:locale\" content=\"de_DE\" \/>\n<meta property=\"og:type\" content=\"article\" \/>\n<meta property=\"og:title\" content=\"\u00dcber uns - von Schulthess Collection\" \/>\n<meta property=\"og:description\" content=\"Die Sammlung Olivier von Schulthess ist dem Werk junger zeitgen\u00f6ssischer K\u00fcnstlerinnen und K\u00fcnstler gewidmet. Klassische \u00d6lbilder ebenso wie Installationen aus recycelten Fundst\u00fccken \u2013 Olivier von Schulthess ist fasziniert von der Vielfalt der Materialien und Medien, mit und in denen die Kunstschaffenden arbeiten. Die Freiheit, mit der Kunst sich \u00e4ussert und ent\u00e4ussert, haben den Sammler, der [&hellip;]\" \/>\n<meta property=\"og:url\" content=\"https:\/\/vonschulthess-collection.com\/de\/ueber-uns\/\" \/>\n<meta property=\"og:site_name\" content=\"von Schulthess Collection\" \/>\n<meta property=\"article:modified_time\" content=\"2020-02-23T13:40:28+00:00\" \/>\n<meta name=\"twitter:card\" content=\"summary_large_image\" \/>\n<meta name=\"twitter:label1\" content=\"Gesch\u00e4tzte Lesezeit\" \/>\n\t<meta name=\"twitter:data1\" content=\"1\u00a0Minute\" \/>\n<script type=\"application\/ld+json\" class=\"yoast-schema-graph\">{\"@context\":\"https:\\\/\\\/schema.org\",\"@graph\":[{\"@type\":\"WebPage\",\"@id\":\"https:\\\/\\\/vonschulthess-collection.com\\\/de\\\/ueber-uns\\\/\",\"url\":\"https:\\\/\\\/vonschulthess-collection.com\\\/de\\\/ueber-uns\\\/\",\"name\":\"\u00dcber uns - von Schulthess Collection\",\"isPartOf\":{\"@id\":\"https:\\\/\\\/vonschulthess-collection.com\\\/#website\"},\"datePublished\":\"2019-06-24T10:23:41+00:00\",\"dateModified\":\"2020-02-23T13:40:28+00:00\",\"breadcrumb\":{\"@id\":\"https:\\\/\\\/vonschulthess-collection.com\\\/de\\\/ueber-uns\\\/#breadcrumb\"},\"inLanguage\":\"de\",\"potentialAction\":[{\"@type\":\"ReadAction\",\"target\":[\"https:\\\/\\\/vonschulthess-collection.com\\\/de\\\/ueber-uns\\\/\"]}]},{\"@type\":\"BreadcrumbList\",\"@id\":\"https:\\\/\\\/vonschulthess-collection.com\\\/de\\\/ueber-uns\\\/#breadcrumb\",\"itemListElement\":[{\"@type\":\"ListItem\",\"position\":1,\"name\":\"Home\",\"item\":\"https:\\\/\\\/vonschulthess-collection.com\\\/de\\\/\"},{\"@type\":\"ListItem\",\"position\":2,\"name\":\"\u00dcber uns\"}]},{\"@type\":\"WebSite\",\"@id\":\"https:\\\/\\\/vonschulthess-collection.com\\\/#website\",\"url\":\"https:\\\/\\\/vonschulthess-collection.com\\\/\",\"name\":\"von Schulthess Collection\",\"description\":\"\",\"potentialAction\":[{\"@type\":\"SearchAction\",\"target\":{\"@type\":\"EntryPoint\",\"urlTemplate\":\"https:\\\/\\\/vonschulthess-collection.com\\\/?s={search_term_string}\"},\"query-input\":{\"@type\":\"PropertyValueSpecification\",\"valueRequired\":true,\"valueName\":\"search_term_string\"}}],\"inLanguage\":\"de\"}]}<\/script>\n<!-- \/ Yoast SEO plugin. -->","yoast_head_json":{"title":"\u00dcber uns - von Schulthess Collection","robots":{"index":"index","follow":"follow","max-snippet":"max-snippet:-1","max-image-preview":"max-image-preview:large","max-video-preview":"max-video-preview:-1"},"canonical":"https:\/\/vonschulthess-collection.com\/de\/ueber-uns\/","og_locale":"de_DE","og_type":"article","og_title":"\u00dcber uns - von Schulthess Collection","og_description":"Die Sammlung Olivier von Schulthess ist dem Werk junger zeitgen\u00f6ssischer K\u00fcnstlerinnen und K\u00fcnstler gewidmet. Klassische \u00d6lbilder ebenso wie Installationen aus recycelten Fundst\u00fccken \u2013 Olivier von Schulthess ist fasziniert von der Vielfalt der Materialien und Medien, mit und in denen die Kunstschaffenden arbeiten. Die Freiheit, mit der Kunst sich \u00e4ussert und ent\u00e4ussert, haben den Sammler, der [&hellip;]","og_url":"https:\/\/vonschulthess-collection.com\/de\/ueber-uns\/","og_site_name":"von Schulthess Collection","article_modified_time":"2020-02-23T13:40:28+00:00","twitter_card":"summary_large_image","twitter_misc":{"Gesch\u00e4tzte Lesezeit":"1\u00a0Minute"},"schema":{"@context":"https:\/\/schema.org","@graph":[{"@type":"WebPage","@id":"https:\/\/vonschulthess-collection.com\/de\/ueber-uns\/","url":"https:\/\/vonschulthess-collection.com\/de\/ueber-uns\/","name":"\u00dcber uns - von Schulthess Collection","isPartOf":{"@id":"https:\/\/vonschulthess-collection.com\/#website"},"datePublished":"2019-06-24T10:23:41+00:00","dateModified":"2020-02-23T13:40:28+00:00","breadcrumb":{"@id":"https:\/\/vonschulthess-collection.com\/de\/ueber-uns\/#breadcrumb"},"inLanguage":"de","potentialAction":[{"@type":"ReadAction","target":["https:\/\/vonschulthess-collection.com\/de\/ueber-uns\/"]}]},{"@type":"BreadcrumbList","@id":"https:\/\/vonschulthess-collection.com\/de\/ueber-uns\/#breadcrumb","itemListElement":[{"@type":"ListItem","position":1,"name":"Home","item":"https:\/\/vonschulthess-collection.com\/de\/"},{"@type":"ListItem","position":2,"name":"\u00dcber uns"}]},{"@type":"WebSite","@id":"https:\/\/vonschulthess-collection.com\/#website","url":"https:\/\/vonschulthess-collection.com\/","name":"von Schulthess Collection","description":"","potentialAction":[{"@type":"SearchAction","target":{"@type":"EntryPoint","urlTemplate":"https:\/\/vonschulthess-collection.com\/?s={search_term_string}"},"query-input":{"@type":"PropertyValueSpecification","valueRequired":true,"valueName":"search_term_string"}}],"inLanguage":"de"}]}},"_links":{"self":[{"href":"https:\/\/vonschulthess-collection.com\/de\/wp-json\/wp\/v2\/pages\/2","targetHints":{"allow":["GET"]}}],"collection":[{"href":"https:\/\/vonschulthess-collection.com\/de\/wp-json\/wp\/v2\/pages"}],"about":[{"href":"https:\/\/vonschulthess-collection.com\/de\/wp-json\/wp\/v2\/types\/page"}],"author":[{"embeddable":true,"href":"https:\/\/vonschulthess-collection.com\/de\/wp-json\/wp\/v2\/users\/1"}],"replies":[{"embeddable":true,"href":"https:\/\/vonschulthess-collection.com\/de\/wp-json\/wp\/v2\/comments?post=2"}],"version-history":[{"count":8,"href":"https:\/\/vonschulthess-collection.com\/de\/wp-json\/wp\/v2\/pages\/2\/revisions"}],"predecessor-version":[{"id":680,"href":"https:\/\/vonschulthess-collection.com\/de\/wp-json\/wp\/v2\/pages\/2\/revisions\/680"}],"wp:attachment":[{"href":"https:\/\/vonschulthess-collection.com\/de\/wp-json\/wp\/v2\/media?parent=2"}],"curies":[{"name":"wp","href":"https:\/\/api.w.org\/{rel}","templated":true}]}}